{"id":417,"date":"2026-02-15T23:46:17","date_gmt":"2026-02-15T22:46:17","guid":{"rendered":"https:\/\/gechter-jung.de\/?page_id=417"},"modified":"2026-03-26T01:37:30","modified_gmt":"2026-03-26T00:37:30","slug":"poolreinigung-wartung","status":"publish","type":"page","link":"https:\/\/gechter-jung.de\/?page_id=417","title":{"rendered":"Poolreinigung &amp; Wartung"},"content":{"rendered":"\n<div class=\"wp-block-columns is-layout-flex wp-container-core-columns-is-layout-9d6595d7 wp-block-columns-is-layout-flex\">\n<div class=\"wp-block-column is-layout-flow wp-block-column-is-layout-flow\">\n<h2 class=\"wp-block-heading has-large-font-size\">Poolreinigung &amp; Wartung vom Fachangstellten f\u00fcr B\u00e4derbetriebe<\/h2>\n<\/div>\n<\/div>\n\n\n\n<div class=\"wp-block-columns is-layout-flex wp-container-core-columns-is-layout-9d6595d7 wp-block-columns-is-layout-flex\">\n<div class=\"wp-block-column is-layout-flow wp-block-column-is-layout-flow\">\n<div class=\"wp-block-columns is-layout-flex wp-container-core-columns-is-layout-9d6595d7 wp-block-columns-is-layout-flex\">\n<div class=\"wp-block-column is-layout-flow wp-block-column-is-layout-flow\">\n<p class=\"has-black-color has-text-color has-link-color has-medium-font-size wp-elements-a02425ec5cfebe18eb1160f7da7c643a\" style=\"font-style:normal;font-weight:800\">Fachgerechter Service mit technischem Hintergrund<\/p>\n\n\n\n<p class=\"has-black-color has-text-color has-link-color has-medium-font-size wp-elements-78e3092ccc7f13507702d5e421affcd5\" style=\"font-style:normal;font-weight:800\">Ein Pool braucht mehr als nur eine regelm\u00e4\u00dfige Reinigung.<\/p>\n\n\n\n<p class=\"has-black-color has-text-color has-link-color has-medium-font-size wp-elements-6b1ac73f10f8f0410b05120f31132542\" style=\"font-style:normal;font-weight:800\">Er braucht jemanden, der die Technik dahinter versteht.<\/p>\n\n\n\n<p class=\"has-black-color has-text-color has-link-color has-medium-font-size wp-elements-aaf079be0407ba674b2d7b3a5b3f0057\" style=\"font-style:normal;font-weight:800\">Als ausgebildeter Fachangestellter f\u00fcr B\u00e4derbetriebe bringen wir genau dieses Fachwiss<strong>e<\/strong>n mit \u2013 aus dem t\u00e4glichen Betrieb professioneller Anlagen.<\/p>\n<\/div>\n<\/div>\n<\/div>\n<\/div>\n\n\n\n<div class=\"wp-block-buttons is-content-justification-right is-layout-flex wp-container-core-buttons-is-layout-765c4724 wp-block-buttons-is-layout-flex\">\n<div class=\"wp-block-button has-custom-width wp-block-button__width-75\"><a class=\"wp-block-button__link has-background has-medium-font-size has-text-align-center has-custom-font-size wp-element-button\" href=\"tel:01637111626\" style=\"border-top-left-radius:64px;border-top-right-radius:64px;border-bottom-left-radius:64px;border-bottom-right-radius:64px;background:linear-gradient(135deg,rgb(80,182,241) 0%,rgb(218,218,218) 100%)\">Gerne beraten wir Sie unverbindlich Rufen Sie uns an\ud83d\udcde<\/a><\/div>\n<\/div>\n\n\n\n<div class=\"wp-block-columns is-layout-flex wp-container-core-columns-is-layout-9d6595d7 wp-block-columns-is-layout-flex\">\n<div class=\"wp-block-column is-layout-flow wp-block-column-is-layout-flow\">\n<p class=\"has-black-color has-text-color has-link-color has-x-large-font-size wp-elements-440e97f9aab3c9462b22d38340ee02eb\" style=\"font-style:normal;font-weight:800\">Was wir f\u00fcr Sie \u00fcbernehmen:<\/p>\n<\/div>\n<\/div>\n\n\n\n<div class=\"wp-block-columns is-layout-flex wp-container-core-columns-is-layout-9d6595d7 wp-block-columns-is-layout-flex\">\n<div class=\"wp-block-column has-black-color has-text-color has-background has-link-color has-medium-font-size wp-elements-296cf55d157cb3687b9b451f2d331780 is-layout-flow wp-block-column-is-layout-flow\" style=\"background:linear-gradient(143deg,rgb(41,154,220) 0%,rgb(172,164,181) 100%)\">\n<ul class=\"wp-block-list\">\n<li class=\"has-black-color has-text-color has-link-color wp-elements-f5db613f39e455e74c18c8ccab8a1442\" style=\"font-style:normal;font-weight:600\">Technische Wartung<\/li>\n\n\n\n<li class=\"has-black-color has-text-color has-link-color wp-elements-e9237cbb8abf9f17b6a472e45d8177c9\" style=\"font-style:normal;font-weight:600\">Kontrolle von Pumpen und Filteranlagen<\/li>\n\n\n\n<li class=\"has-black-color has-text-color has-link-color wp-elements-e36b56b029a0555a9a6e345d6f0ace59\" style=\"font-style:normal;font-weight:600\">\u00dcberpr\u00fcfung der Wasserwerte<\/li>\n\n\n\n<li class=\"has-black-color has-text-color has-link-color wp-elements-0e833bb928fb65557ea4b6923770d23e\" style=\"font-style:normal;font-weight:600\">R\u00fccksp\u00fclung und Filterpflege<\/li>\n\n\n\n<li class=\"has-black-color has-text-color has-link-color wp-elements-fcb777202fc46de5a2f752e10e07e605\" style=\"font-style:normal;font-weight:600\">Sichtkontrolle der gesamten Technik<\/li>\n\n\n\n<li class=\"has-black-color has-text-color has-link-color wp-elements-af45997abd4accd9b21c6851ba3a8aca\" style=\"font-style:normal;font-weight:600\">Erkennen von Verschlei\u00df oder St\u00f6rungen mit anschlie\u00dfender Behebung<\/li>\n<\/ul>\n<\/div>\n\n\n\n<div class=\"wp-block-column has-black-color has-text-color has-background has-link-color has-medium-font-size wp-elements-ad851bb6be923ad73d5109abd8b2830d is-layout-flow wp-block-column-is-layout-flow\" style=\"background:linear-gradient(124deg,rgb(51,165,231) 0%,rgb(202,178,178) 100%)\">\n<ul class=\"wp-block-list\">\n<li class=\"has-black-color has-text-color has-link-color has-medium-font-size wp-elements-06c3e3993bf7492f4819899a4ac3f24a\" style=\"font-style:normal;font-weight:600\">Rinnenreinigung\/(Umstellung in Kanal)<\/li>\n\n\n\n<li class=\"has-black-color has-text-color has-link-color has-medium-font-size wp-elements-ec17314a6fc3db08af95a2c6fe7c4504\" style=\"font-style:normal;font-weight:600\">Becken- und Bodenreinigung<\/li>\n\n\n\n<li class=\"has-black-color has-text-color has-link-color has-medium-font-size wp-elements-7d4cf123c10ebdb698afdafc67547378\" style=\"font-style:normal;font-weight:600\">Reinigung von Skimmern und Einlaufd\u00fcsen<\/li>\n\n\n\n<li class=\"has-black-color has-text-color has-link-color has-medium-font-size wp-elements-99deb3837e9907bb76d0c3fddf82a2b2\" style=\"font-style:normal;font-weight:600\">Entfernung von Ablagerungen und Algen<\/li>\n\n\n\n<li class=\"has-black-color has-text-color has-link-color has-medium-font-size wp-elements-55398466b180c8a232acf34c6aa35928\" style=\"font-style:normal;font-weight:600\">Pflege von Rand- und Fliesenbereichen<\/li>\n<\/ul>\n<\/div>\n<\/div>\n\n\n\n<div class=\"wp-block-columns is-layout-flex wp-container-core-columns-is-layout-9d6595d7 wp-block-columns-is-layout-flex\">\n<div class=\"wp-block-column has-black-color has-text-color has-background has-link-color wp-elements-7b69cd28e13cfeaf167b3d6d872d0a4c is-layout-flow wp-block-column-is-layout-flow\" style=\"background:linear-gradient(135deg,rgb(42,107,139) 0%,rgb(156,207,218) 50%,rgb(219,238,240) 97%)\">\n<p class=\"has-text-align-center has-black-color has-text-color has-link-color wp-elements-43e80378b9d8a77e4cc4898b72af987c\" style=\"font-size:18px;font-style:italic;font-weight:600\">-Warum das wichtig ist<\/p>\n\n\n\n<p class=\"has-text-align-center has-black-color has-text-color has-link-color wp-elements-af78a9af94985284efcc975cba3f0420\" style=\"font-size:18px;font-style:italic;font-weight:600\">-Viele Probleme entstehen schleichend:<\/p>\n\n\n\n<p class=\"has-text-align-center has-black-color has-text-color has-link-color wp-elements-4d03a395eaca5a0a9ab083ac3c9386e2\" style=\"font-size:18px;font-style:italic;font-weight:600\">-falsche Wasserwerte, verschmutzte Filter oder kleine technische Defekte.<\/p>\n\n\n\n<p class=\"has-text-align-center has-black-color has-text-color has-link-color wp-elements-39d3da7bf23064c9814bb7220aff9977\" style=\"font-size:18px;font-style:italic;font-weight:600\">-Wer fr\u00fch kontrolliert, spart sp\u00e4ter oft hohe Reparaturkosten.<\/p>\n\n\n\n<p class=\"has-text-align-center has-black-color has-text-color has-link-color wp-elements-7a90263704a3de054850aa66bbe5bd99\" style=\"font-size:18px;font-style:italic;font-weight:600\">-Genau hier setzen wir an \u2013 mit Erfahrung aus dem professionellen Schwimmbadbetrieb.<\/p>\n\n\n\n<p class=\"has-text-align-center has-black-color has-text-color has-link-color wp-elements-ed8594e8f64c6fbde95e0c6eaaaed44f\" style=\"font-size:18px;font-style:italic;font-weight:600\">-F\u00fcr wen ist unser Service geeignet?<\/p>\n\n\n\n<p class=\"has-text-align-center has-black-color has-text-color has-link-color wp-elements-0c3f15a33b5cb9ca0aaca176dc599c36\" style=\"font-size:18px;font-style:italic;font-weight:600\">-Private Poolbesitzer<\/p>\n\n\n\n<p class=\"has-text-align-center has-black-color has-text-color has-link-color wp-elements-b74322eb179bac2085e2b70f2319946a\" style=\"font-size:18px;font-style:italic;font-weight:600\">-Vermieter von Ferienimmobilien<\/p>\n\n\n\n<p class=\"has-text-align-center has-black-color has-text-color has-link-color wp-elements-dd6098949156c63438ab0b61ea75bd0b\" style=\"font-size:18px;font-style:italic;font-weight:600\">-Eigent\u00fcmergemeinschaften<\/p>\n\n\n\n<p class=\"has-text-align-center has-black-color has-text-color has-link-color wp-elements-9b2753a6cef1d2c9394e87e4026d4896\" style=\"font-size:18px;font-style:italic;font-weight:600\">-Alle, die Wert auf sauberes und technisch einwandfreies Badewasser legen<\/p>\n\n\n\n<p class=\"has-text-align-center has-black-color has-text-color has-link-color wp-elements-f96869cbd663f6f9164e5ff0c2f9a91e\" style=\"font-size:18px;font-style:italic;font-weight:600\">-Pers\u00f6nlich. Zuverl\u00e4ssig. Fachlich fundiert.<\/p>\n\n\n\n<p class=\"has-text-align-center has-black-color has-text-color has-link-color wp-elements-61ae00d0435bb4e3fa9084b1c24f4ffe\" style=\"font-size:18px;font-style:italic;font-weight:600\">Wir arbeiten sorgf\u00e4ltig, transparent und ohne unn\u00f6tige Zusatzleistungen.<\/p>\n\n\n\n<p class=\"has-text-align-center has-black-color has-text-color has-link-color wp-elements-a5cd7d662fd7d1f73ecada7cd1cb8637\" style=\"font-size:18px;font-style:italic;font-weight:600\">Sie wissen immer, was gemacht wird \u2013 und warum.<\/p>\n<\/div>\n<\/div>\n\n\n\n<div class=\"wp-block-buttons is-layout-flex wp-block-buttons-is-layout-flex\">\n<div class=\"wp-block-button has-custom-width wp-block-button__width-100\"><a class=\"wp-block-button__link has-black-color has-text-color has-background has-link-color wp-element-button\" href=\"tel:01637111626\" style=\"background:linear-gradient(135deg,rgb(18,142,214) 0%,rgb(174,174,174) 100%);font-style:normal;font-weight:800\">Gerne beraten wir Sie unverbindlich zu Reinigung, Wartung oder einem regelm\u00e4\u00dfigen Serviceplan.<br>\ud83d\udcde Rufen Sie uns an \u2013 wir nehmen uns Zeit f\u00fcr Ihr Anliegen.<\/a><\/div>\n<\/div>\n\n\n\n<p><\/p>\n\n\n\n<div class=\"wp-block-buttons is-layout-flex wp-block-buttons-is-layout-flex\"><\/div>\n","protected":false},"excerpt":{"rendered":"<p>Poolreinigung &amp; Wartung vom Fachangstellten f\u00fcr B\u00e4derbetriebe Fachgerechter Service mit technischem Hintergrund Ein Pool braucht mehr als nur eine regelm\u00e4\u00dfige Reinigung. Er braucht jemanden, der die Technik dahinter versteht. Als ausgebildeter Fachangestellter f\u00fcr B\u00e4derbetriebe bringen wir genau dieses Fachwissen mit \u2013 aus dem t\u00e4glichen Betrieb professioneller Anlagen. Was wir f\u00fcr Sie \u00fcbernehmen: -Warum das wichtig [&hellip;]<\/p>\n","protected":false},"author":1,"featured_media":88,"parent":0,"menu_order":0,"comment_status":"closed","ping_status":"closed","template":"","meta":{"footnotes":""},"class_list":["post-417","page","type-page","status-publish","has-post-thumbnail","hentry"],"_links":{"self":[{"href":"https:\/\/gechter-jung.de\/index.php?rest_route=\/wp\/v2\/pages\/417","targetHints":{"allow":["GET"]}}],"collection":[{"href":"https:\/\/gechter-jung.de\/index.php?rest_route=\/wp\/v2\/pages"}],"about":[{"href":"https:\/\/gechter-jung.de\/index.php?rest_route=\/wp\/v2\/types\/page"}],"author":[{"embeddable":true,"href":"https:\/\/gechter-jung.de\/index.php?rest_route=\/wp\/v2\/users\/1"}],"replies":[{"embeddable":true,"href":"https:\/\/gechter-jung.de\/index.php?rest_route=%2Fwp%2Fv2%2Fcomments&post=417"}],"version-history":[{"count":9,"href":"https:\/\/gechter-jung.de\/index.php?rest_route=\/wp\/v2\/pages\/417\/revisions"}],"predecessor-version":[{"id":443,"href":"https:\/\/gechter-jung.de\/index.php?rest_route=\/wp\/v2\/pages\/417\/revisions\/443"}],"wp:featuredmedia":[{"embeddable":true,"href":"https:\/\/gechter-jung.de\/index.php?rest_route=\/wp\/v2\/media\/88"}],"wp:attachment":[{"href":"https:\/\/gechter-jung.de\/index.php?rest_route=%2Fwp%2Fv2%2Fmedia&parent=417"}],"curies":[{"name":"wp","href":"https:\/\/api.w.org\/{rel}","templated":true}]}}