{"id":328,"date":"2026-01-21T21:24:16","date_gmt":"2026-01-21T20:24:16","guid":{"rendered":"https:\/\/gechter-jung.de\/?page_id=328"},"modified":"2026-01-21T21:56:12","modified_gmt":"2026-01-21T20:56:12","slug":"baustellenreinigung","status":"publish","type":"page","link":"https:\/\/gechter-jung.de\/?page_id=328","title":{"rendered":"Baustellenreinigung"},"content":{"rendered":"\n<div style=\"height:100px\" aria-hidden=\"true\" class=\"wp-block-spacer\"><\/div>\n\n\n\n<div class=\"wp-block-columns is-layout-flex wp-container-core-columns-is-layout-9d6595d7 wp-block-columns-is-layout-flex\">\n<div class=\"wp-block-column is-layout-flow wp-block-column-is-layout-flow\">\n<p class=\"has-medium-font-size\" style=\"font-style:normal;font-weight:1000\">Eine fachgerechte Baustellenreinigung sorgt f\u00fcr Sicherheit, Ordnung und einen reibungslosen Bauablauf. Ob w\u00e4hrend der Bauphase oder zur \u00dcbergabe \u2013 eine saubere Baustelle ist die Grundlage f\u00fcr effizientes Arbeiten und einen positiven Gesamteindruck.<\/p>\n<\/div>\n<\/div>\n\n\n\n<div class=\"wp-block-columns is-layout-flex wp-container-core-columns-is-layout-9d6595d7 wp-block-columns-is-layout-flex\">\n<div class=\"wp-block-column has-medium-font-size is-layout-flow wp-block-column-is-layout-flow\" style=\"font-style:normal;font-weight:700\">\n<h2 class=\"wp-block-heading\">Ablauf der Baustellenreinigung<\/h2>\n\n\n\n<div class=\"wp-block-columns has-black-color has-text-color has-background has-link-color wp-elements-588b276952700867bf69d849c15d2888 is-layout-flex wp-container-core-columns-is-layout-9d6595d7 wp-block-columns-is-layout-flex\" style=\"background:linear-gradient(135deg,rgb(255,255,255) 0%,rgb(5,49,99) 100%)\">\n<div class=\"wp-block-column is-layout-flow wp-block-column-is-layout-flow\">\n<h4 class=\"wp-block-heading\">1. Besichtigung und Planung<\/h4>\n\n\n\n<p class=\"has-black-color has-text-color has-link-color has-medium-font-size wp-elements-8187721569dc7330139b7becbc95fcfe\" style=\"font-style:normal;font-weight:700\">Zu Beginn verschaffen wir uns einen \u00dcberblick \u00fcber die Baustelle. Dabei ber\u00fccksichtigen wir:<\/p>\n\n\n\n<ul class=\"wp-block-list\">\n<li class=\"has-black-color has-text-color has-link-color has-medium-font-size wp-elements-8e7586adcc4e8139ed32aad5db47d6c4\" style=\"font-style:normal;font-weight:700\">Gr\u00f6\u00dfe und Art des Bauvorhabens<\/li>\n\n\n\n<li class=\"has-black-color has-text-color has-link-color has-medium-font-size wp-elements-75abac58662bf09a9ee0a0c27a4e04e6\" style=\"font-style:normal;font-weight:700\">aktuellen Baufortschritt<\/li>\n\n\n\n<li class=\"has-black-color has-text-color has-link-color has-medium-font-size wp-elements-0f62db26a06b5e88f149f5c7be46a7be\" style=\"font-style:normal;font-weight:700\">Verschmutzungsgrad und anfallende Abf\u00e4lle<\/li>\n<\/ul>\n\n\n\n<p class=\"has-black-color has-text-color has-link-color has-medium-font-size wp-elements-6f093844250357ff72a500f943e6335f\" style=\"font-style:normal;font-weight:700\">Auf dieser Basis erstellen wir ein individuelles Reinigungskonzept.<\/p>\n\n\n\n<hr class=\"wp-block-separator has-alpha-channel-opacity is-style-wide\"\/>\n\n\n\n<h4 class=\"wp-block-heading\">2. Grobreinigung<\/h4>\n\n\n\n<p class=\"has-black-color has-text-color has-link-color has-medium-font-size wp-elements-e1290f2829f465e33face3a5de862a28\" style=\"font-style:normal;font-weight:700\">Im ersten Schritt werden grobe Verschmutzungen und Bauschutt entfernt. Dazu z\u00e4hlen:<\/p>\n\n\n\n<ul class=\"wp-block-list\">\n<li class=\"has-black-color has-text-color has-link-color has-medium-font-size wp-elements-b4ec64b534757a7a508255c70a3cc53f\" style=\"font-style:normal;font-weight:700\">Holzreste, Folien, Verpackungen<\/li>\n\n\n\n<li class=\"has-black-color has-text-color has-link-color has-medium-font-size wp-elements-7367798d6b3bedcfc1c868ca0f66e89c\" style=\"font-style:normal;font-weight:700\">M\u00f6rtel- und Putzreste<\/li>\n\n\n\n<li class=\"has-black-color has-text-color has-link-color has-medium-font-size wp-elements-36e11123dc461eff4e502699bac8170b\" style=\"font-style:normal;font-weight:700\">Staub und grober Schmutz<\/li>\n<\/ul>\n\n\n\n<p class=\"has-black-color has-text-color has-link-color has-medium-font-size wp-elements-2928f0703d2828a79291c3b759a1778d\" style=\"font-style:normal;font-weight:700\">Die Entsorgung erfolgt fachgerecht und umweltkonform.<\/p>\n\n\n\n<hr class=\"wp-block-separator has-alpha-channel-opacity is-style-wide\"\/>\n\n\n\n<h4 class=\"wp-block-heading\">3. Feinreinigung<\/h4>\n\n\n\n<p class=\"has-black-color has-text-color has-link-color has-medium-font-size wp-elements-eaf977c7c72fe657006b0c05485cfe5c\" style=\"font-style:normal;font-weight:700\">Nach Abschluss der groben Arbeiten folgt die Feinreinigung. Hierbei reinigen wir unter anderem:<\/p>\n\n\n\n<ul class=\"wp-block-list\">\n<li class=\"has-black-color has-text-color has-link-color has-medium-font-size wp-elements-5116adc00d321959788f48bd70f766f0\" style=\"font-style:normal;font-weight:700\">B\u00f6den und Treppen<\/li>\n\n\n\n<li class=\"has-black-color has-text-color has-link-color has-medium-font-size wp-elements-e90bc433f839521529f99e407291e1c5\" style=\"font-style:normal;font-weight:700\">Fenster, Rahmen und T\u00fcren<\/li>\n\n\n\n<li class=\"has-black-color has-text-color has-link-color has-medium-font-size wp-elements-262a885d2843d0ea105ab6032f1c03a2\" style=\"font-style:normal;font-weight:700\">Steckdosen, Lichtschalter und Heizk\u00f6rper<\/li>\n\n\n\n<li class=\"has-black-color has-text-color has-link-color has-medium-font-size wp-elements-c8b010c09bab6d70af760291646c1a1c\" style=\"font-style:normal;font-weight:700\">Sanit\u00e4rbereiche<\/li>\n<\/ul>\n\n\n\n<p class=\"has-black-color has-text-color has-link-color has-medium-font-size wp-elements-b0f41d41851726d30cdb4a97e5cffe25\" style=\"font-style:normal;font-weight:700\">Diese Phase bereitet das Objekt optimal f\u00fcr die Endabnahme oder den Bezug vor.<\/p>\n\n\n\n<hr class=\"wp-block-separator has-alpha-channel-opacity is-style-wide\"\/>\n\n\n\n<h4 class=\"wp-block-heading\">4. Bauendreinigung<\/h4>\n\n\n\n<p class=\"has-black-color has-text-color has-link-color has-medium-font-size wp-elements-08fc72e363a9bbb6d2ce16d8f061e960\" style=\"font-style:normal;font-weight:700\">Die Bauendreinigung stellt den letzten Schritt dar. Hartn\u00e4ckige Verschmutzungen wie Farb-, Lack- oder Klebereste werden sorgf\u00e4ltig entfernt. Ziel ist ein bezugsfertiger, sauberer Zustand des Objekts.<\/p>\n<\/div>\n<\/div>\n\n\n\n<p><br><\/p>\n\n\n\n<ol start=\"2\" class=\"wp-block-list\"><\/ol>\n<\/div>\n<\/div>\n","protected":false},"excerpt":{"rendered":"<p>Eine fachgerechte Baustellenreinigung sorgt f\u00fcr Sicherheit, Ordnung und einen reibungslosen Bauablauf. Ob w\u00e4hrend der Bauphase oder zur \u00dcbergabe \u2013 eine saubere Baustelle ist die Grundlage f\u00fcr effizientes Arbeiten und einen positiven Gesamteindruck. Ablauf der Baustellenreinigung 1. Besichtigung und Planung Zu Beginn verschaffen wir uns einen \u00dcberblick \u00fcber die Baustelle. Dabei ber\u00fccksichtigen wir: Auf dieser Basis [&hellip;]<\/p>\n","protected":false},"author":1,"featured_media":88,"parent":0,"menu_order":0,"comment_status":"closed","ping_status":"closed","template":"","meta":{"footnotes":""},"class_list":["post-328","page","type-page","status-publish","has-post-thumbnail","hentry"],"_links":{"self":[{"href":"https:\/\/gechter-jung.de\/index.php?rest_route=\/wp\/v2\/pages\/328","targetHints":{"allow":["GET"]}}],"collection":[{"href":"https:\/\/gechter-jung.de\/index.php?rest_route=\/wp\/v2\/pages"}],"about":[{"href":"https:\/\/gechter-jung.de\/index.php?rest_route=\/wp\/v2\/types\/page"}],"author":[{"embeddable":true,"href":"https:\/\/gechter-jung.de\/index.php?rest_route=\/wp\/v2\/users\/1"}],"replies":[{"embeddable":true,"href":"https:\/\/gechter-jung.de\/index.php?rest_route=%2Fwp%2Fv2%2Fcomments&post=328"}],"version-history":[{"count":37,"href":"https:\/\/gechter-jung.de\/index.php?rest_route=\/wp\/v2\/pages\/328\/revisions"}],"predecessor-version":[{"id":370,"href":"https:\/\/gechter-jung.de\/index.php?rest_route=\/wp\/v2\/pages\/328\/revisions\/370"}],"wp:featuredmedia":[{"embeddable":true,"href":"https:\/\/gechter-jung.de\/index.php?rest_route=\/wp\/v2\/media\/88"}],"wp:attachment":[{"href":"https:\/\/gechter-jung.de\/index.php?rest_route=%2Fwp%2Fv2%2Fmedia&parent=328"}],"curies":[{"name":"wp","href":"https:\/\/api.w.org\/{rel}","templated":true}]}}