{"id":228,"date":"2025-12-20T20:18:08","date_gmt":"2025-12-20T19:18:08","guid":{"rendered":"https:\/\/gechter-jung.de\/?page_id=228"},"modified":"2026-02-15T22:58:00","modified_gmt":"2026-02-15T21:58:00","slug":"aussenflaechen","status":"publish","type":"page","link":"https:\/\/gechter-jung.de\/?page_id=228","title":{"rendered":"Au\u00dfenfl\u00e4chen"},"content":{"rendered":"\n<h2 class=\"wp-block-heading\">Au\u00dfenfl\u00e4chen &amp; Hochdruckreinigung<\/h2>\n\n\n\n<div style=\"height:100px\" aria-hidden=\"true\" class=\"wp-block-spacer\"><\/div>\n\n\n\n<div class=\"wp-block-columns are-vertically-aligned-center is-layout-flex wp-container-core-columns-is-layout-9d6595d7 wp-block-columns-is-layout-flex\">\n<div class=\"wp-block-column is-vertically-aligned-center is-layout-flow wp-block-column-is-layout-flow\">\n<p class=\"has-medium-font-size\" style=\"font-style:normal;font-weight:1000\">Wege, Terrassen, Einfahrten oder Mauern \u2013 wir entfernen Ablagerungen wie Moose und Flechten, Algen und Gr\u00fcnbelag, Erd- und Lehmreste, organische Verf\u00e4rbungen durch Laub und Pflanzenreste sowie andere hartn\u00e4ckige Verschmutzungen gr\u00fcndlich.<\/p>\n<\/div>\n\n\n\n<div class=\"wp-block-column is-vertically-aligned-center is-layout-flow wp-block-column-is-layout-flow\"><div class=\"wp-block-image is-style-default\">\n<figure class=\"alignright size-full\"><img loading=\"lazy\" decoding=\"async\" width=\"1536\" height=\"1024\" src=\"https:\/\/gechter-jung.de\/wp-content\/uploads\/2026\/01\/AussenVorherNacher.2.png\" alt=\"\" class=\"wp-image-271\" style=\"aspect-ratio:16\/9;object-fit:contain\" srcset=\"https:\/\/gechter-jung.de\/wp-content\/uploads\/2026\/01\/AussenVorherNacher.2.png 1536w, https:\/\/gechter-jung.de\/wp-content\/uploads\/2026\/01\/AussenVorherNacher.2-300x200.png 300w, https:\/\/gechter-jung.de\/wp-content\/uploads\/2026\/01\/AussenVorherNacher.2-1024x683.png 1024w, https:\/\/gechter-jung.de\/wp-content\/uploads\/2026\/01\/AussenVorherNacher.2-768x512.png 768w\" sizes=\"auto, (max-width: 1536px) 100vw, 1536px\" \/><\/figure>\n<\/div><\/div>\n<\/div>\n\n\n\n<div class=\"wp-block-columns is-layout-flex wp-container-core-columns-is-layout-9d6595d7 wp-block-columns-is-layout-flex\">\n<div class=\"wp-block-column is-vertically-aligned-center is-layout-flow wp-block-column-is-layout-flow\">\n<p class=\"has-medium-font-size\" style=\"font-style:normal;font-weight:1000\">Auf Wunsch auch mit Langzeit-Versiegelung.<\/p>\n<\/div>\n<\/div>\n","protected":false},"excerpt":{"rendered":"<p>Au\u00dfenfl\u00e4chen &amp; Hochdruckreinigung Wege, Terrassen, Einfahrten oder Mauern \u2013 wir entfernen Ablagerungen wie Moose und Flechten, Algen und Gr\u00fcnbelag, Erd- und Lehmreste, organische Verf\u00e4rbungen durch Laub und Pflanzenreste sowie andere hartn\u00e4ckige Verschmutzungen gr\u00fcndlich. Auf Wunsch auch mit Langzeit-Versiegelung.<\/p>\n","protected":false},"author":1,"featured_media":88,"parent":0,"menu_order":0,"comment_status":"closed","ping_status":"closed","template":"","meta":{"footnotes":""},"class_list":["post-228","page","type-page","status-publish","has-post-thumbnail","hentry"],"_links":{"self":[{"href":"https:\/\/gechter-jung.de\/index.php?rest_route=\/wp\/v2\/pages\/228","targetHints":{"allow":["GET"]}}],"collection":[{"href":"https:\/\/gechter-jung.de\/index.php?rest_route=\/wp\/v2\/pages"}],"about":[{"href":"https:\/\/gechter-jung.de\/index.php?rest_route=\/wp\/v2\/types\/page"}],"author":[{"embeddable":true,"href":"https:\/\/gechter-jung.de\/index.php?rest_route=\/wp\/v2\/users\/1"}],"replies":[{"embeddable":true,"href":"https:\/\/gechter-jung.de\/index.php?rest_route=%2Fwp%2Fv2%2Fcomments&post=228"}],"version-history":[{"count":32,"href":"https:\/\/gechter-jung.de\/index.php?rest_route=\/wp\/v2\/pages\/228\/revisions"}],"predecessor-version":[{"id":411,"href":"https:\/\/gechter-jung.de\/index.php?rest_route=\/wp\/v2\/pages\/228\/revisions\/411"}],"wp:featuredmedia":[{"embeddable":true,"href":"https:\/\/gechter-jung.de\/index.php?rest_route=\/wp\/v2\/media\/88"}],"wp:attachment":[{"href":"https:\/\/gechter-jung.de\/index.php?rest_route=%2Fwp%2Fv2%2Fmedia&parent=228"}],"curies":[{"name":"wp","href":"https:\/\/api.w.org\/{rel}","templated":true}]}}