{"id":156,"date":"2025-12-03T17:54:50","date_gmt":"2025-12-03T16:54:50","guid":{"rendered":"https:\/\/gechter-jung.de\/?page_id=156"},"modified":"2026-02-15T23:04:14","modified_gmt":"2026-02-15T22:04:14","slug":"fassaden","status":"publish","type":"page","link":"https:\/\/gechter-jung.de\/?page_id=156","title":{"rendered":"Fassaden"},"content":{"rendered":"\n<h2 class=\"wp-block-heading has-text-align-left\">Fassadenreinigung &#8211; schonend, wirksam und preiswert!<\/h2>\n\n\n\n<div style=\"height:100px\" aria-hidden=\"true\" class=\"wp-block-spacer\"><\/div>\n\n\n\n<div class=\"wp-block-buttons is-layout-flex wp-block-buttons-is-layout-flex\">\n<div class=\"wp-block-button has-custom-width wp-block-button__width-75\"><a class=\"wp-block-button__link has-background has-medium-font-size has-custom-font-size wp-element-button\" href=\"tel:0152 26948383\" style=\"background:linear-gradient(156deg,rgb(0,156,247) 0%,rgb(189,189,189) 100%)\"><strong>Jetzt Probefl\u00e4che sichern<\/strong><\/a><\/div>\n<\/div>\n\n\n\n<div class=\"wp-block-columns is-layout-flex wp-container-core-columns-is-layout-9d6595d7 wp-block-columns-is-layout-flex\">\n<div class=\"wp-block-column is-vertically-aligned-top is-layout-flow wp-block-column-is-layout-flow\">\n<p class=\"has-black-color has-text-color has-link-color has-medium-font-size wp-elements-a76f7bec4f24d012c154bb38dcc2c48e\" style=\"font-style:normal;font-weight:1000\">\u00dcber die Jahre lagern sich auf Fassaden hartn\u00e4ckige Verschmutzungen ab: Moos, Algen, Flechten, Pilze, Feinstaub, Ru\u00df und Witterungsr\u00fcckst\u00e4nde.<\/p>\n\n\n\n<p class=\"has-black-color has-text-color has-link-color has-medium-font-size wp-elements-b5ec978527ba2a038660bc55d81af8fe\" style=\"font-style:normal;font-weight:1000\">Mit unserem speziellen Verfahren, reinigen wir Ihre Fassade vom Boden aus.<\/p>\n\n\n\n<ul class=\"wp-block-list\">\n<li class=\"has-medium-font-size\" style=\"font-style:normal;font-weight:700\">Ohne Ger\u00fcst<\/li>\n\n\n\n<li class=\"has-medium-font-size\" style=\"font-style:normal;font-weight:700\">Ohne Hochdruck<\/li>\n\n\n\n<li class=\"has-medium-font-size\" style=\"font-style:normal;font-weight:700\">Speziell entwickelte Reinigungsl\u00f6sung<\/li>\n\n\n\n<li class=\"has-medium-font-size\" style=\"font-style:normal;font-weight:700\">Schmutzwasser Entsorgung inklusive<\/li>\n\n\n\n<li class=\"has-medium-font-size\" style=\"font-style:normal;font-weight:700\">Schonend zu Ihrer Fassade und zur Umwelt<\/li>\n\n\n\n<li class=\"has-medium-font-size\" style=\"font-style:normal;font-weight:700\">Impr\u00e4gnierung sch\u00fctzt langfristig vor neuer Verschmutzung<\/li>\n\n\n\n<li class=\"has-medium-font-size\" style=\"font-style:normal;font-weight:700\">Erhalt von Farbe, Putz &amp; Oberfl\u00e4che<\/li>\n\n\n\n<li class=\"has-medium-font-size\" style=\"font-style:normal;font-weight:700\">Ca. 70 % g\u00fcnstiger als ein Neuanstrich<\/li>\n<\/ul>\n<\/div>\n\n\n\n<div class=\"wp-block-column is-vertically-aligned-top is-layout-flow wp-block-column-is-layout-flow\"><div class=\"wp-block-image\">\n<figure class=\"aligncenter size-medium\"><img loading=\"lazy\" decoding=\"async\" width=\"300\" height=\"200\" src=\"https:\/\/gechter-jung.de\/wp-content\/uploads\/2025\/12\/6-300x200.jpg\" alt=\"\" class=\"wp-image-157\" srcset=\"https:\/\/gechter-jung.de\/wp-content\/uploads\/2025\/12\/6-300x200.jpg 300w, https:\/\/gechter-jung.de\/wp-content\/uploads\/2025\/12\/6-1024x683.jpg 1024w, https:\/\/gechter-jung.de\/wp-content\/uploads\/2025\/12\/6-768x512.jpg 768w, https:\/\/gechter-jung.de\/wp-content\/uploads\/2025\/12\/6.jpg 1536w\" sizes=\"auto, (max-width: 300px) 100vw, 300px\" \/><\/figure>\n<\/div><\/div>\n<\/div>\n\n\n\n<div class=\"wp-block-columns is-layout-flex wp-container-core-columns-is-layout-9d6595d7 wp-block-columns-is-layout-flex\">\n<div class=\"wp-block-column is-layout-flow wp-block-column-is-layout-flow\">\n<p class=\"has-medium-font-size\" style=\"font-style:normal;font-weight:1000\">Kostenlose Probefl\u00e4che \u2013 erst sehen, dann entscheiden<\/p>\n<\/div>\n<\/div>\n\n\n\n<div class=\"wp-block-columns is-layout-flex wp-container-core-columns-is-layout-9d6595d7 wp-block-columns-is-layout-flex\">\n<div class=\"wp-block-column is-layout-flow wp-block-column-is-layout-flow\">\n<h2 class=\"wp-block-heading\">Ablauf der Fassadenreinigung:<\/h2>\n\n\n\n<div class=\"wp-block-columns has-black-color has-text-color has-background has-link-color wp-elements-948262d7b8db66f95810e13235d0a61e is-layout-flex wp-container-core-columns-is-layout-9d6595d7 wp-block-columns-is-layout-flex\" style=\"background:linear-gradient(135deg,rgb(255,255,255) 0%,rgb(5,55,99) 100%,rgb(5,55,99) 100%)\">\n<div class=\"wp-block-column is-vertically-aligned-center is-layout-flow wp-block-column-is-layout-flow\">\n<h4 class=\"wp-block-heading\">1. Analyse der Fassade<\/h4>\n\n\n\n<p class=\"has-black-color has-text-color has-link-color has-medium-font-size wp-elements-de851c64e75efb9f2658f805f4ba764f\" style=\"font-style:normal;font-weight:700\">Vor Beginn der Reinigung wird die Fassade sorgf\u00e4ltig begutachtet. Dabei pr\u00fcfen wir:<\/p>\n\n\n\n<ul class=\"wp-block-list\">\n<li class=\"has-medium-font-size\" style=\"font-style:normal;font-weight:700\">Art des Fassadenmaterials (z. B. Putz, Klinker, Stein, Metall, Glas)<\/li>\n\n\n\n<li class=\"has-medium-font-size\" style=\"font-style:normal;font-weight:700\">Verschmutzungsgrad<\/li>\n\n\n\n<li class=\"has-medium-font-size\" style=\"font-style:normal;font-weight:700\">Vorhandensein von Algen, Moos oder Pilzbefall<\/li>\n<\/ul>\n\n\n\n<p class=\"has-black-color has-text-color has-link-color has-medium-font-size wp-elements-435b36fd4816d0c1075241be223b8c48\" style=\"font-style:normal;font-weight:700\">Diese Analyse ist entscheidend, um die passende Reinigungsmethode auszuw\u00e4hlen.<\/p>\n\n\n\n<hr class=\"wp-block-separator aligncenter has-alpha-channel-opacity is-style-wide\"\/>\n\n\n\n<h4 class=\"wp-block-heading\">2. Vorbereitung des Arbeitsbereichs<\/h4>\n\n\n\n<p class=\"has-black-color has-text-color has-link-color has-medium-font-size wp-elements-394c9feee2e9ae4a6f0df0c1d3285aac\" style=\"font-style:normal;font-weight:700\">Zum Schutz von Pflanzen, Fenstern, T\u00fcren und angrenzenden Fl\u00e4chen werden diese sorgf\u00e4ltig abgedeckt. Zudem stellen wir sicher, dass alle Sicherheitsma\u00dfnahmen eingehalten werden.<\/p>\n\n\n\n<hr class=\"wp-block-separator has-alpha-channel-opacity is-style-wide\"\/>\n\n\n\n<h4 class=\"wp-block-heading\">3. Vorreinigung<\/h4>\n\n\n\n<p class=\"has-black-color has-text-color has-link-color has-medium-font-size wp-elements-14206ef8e66a6f87a16b99461bc58b7b\" style=\"font-style:normal;font-weight:700\">Grober Schmutz, Staub und lose Ablagerungen werden zun\u00e4chst entfernt. Je nach Fassadenart erfolgt dies mit Wasser, weichen B\u00fcrsten oder einem schonenden Niederdruckverfahren.<\/p>\n\n\n\n<hr class=\"wp-block-separator has-alpha-channel-opacity is-style-wide\"\/>\n\n\n\n<h4 class=\"wp-block-heading\">4. Hauptreinigung<\/h4>\n\n\n\n<p class=\"has-black-color has-text-color has-link-color has-medium-font-size wp-elements-27401cb7b744a69e67e5001a16d25ea5\" style=\"font-style:normal;font-weight:700\">Anschlie\u00dfend wird die Fassade mit speziell abgestimmten Reinigungsmitteln behandelt. Diese l\u00f6sen hartn\u00e4ckige Verschmutzungen wie Algen, Abgase oder Fettablagerungen, ohne das Material anzugreifen. Die Reinigung erfolgt materialschonend und umweltbewusst.<\/p>\n\n\n\n<hr class=\"wp-block-separator has-alpha-channel-opacity is-style-wide\"\/>\n\n\n\n<h4 class=\"wp-block-heading\">5. Nachsp\u00fclung<\/h4>\n\n\n\n<p class=\"has-black-color has-text-color has-link-color has-medium-font-size wp-elements-bd230a242b5af99264f1b681ea876658\" style=\"font-style:normal;font-weight:700\">Nach der Einwirkzeit werden alle R\u00fcckst\u00e4nde gr\u00fcndlich mit klarem Wasser abgesp\u00fclt, so dass keine Reinigungsmittelreste auf der Fassade verbleiben.<\/p>\n\n\n\n<hr class=\"wp-block-separator has-alpha-channel-opacity is-style-wide\"\/>\n\n\n\n<h4 class=\"wp-block-heading\">6. Schutzbehandlung (optional)<\/h4>\n\n\n\n<p class=\"has-black-color has-text-color has-link-color has-medium-font-size wp-elements-e008f9dd45d2d5c33713dab15f8e3dcc\" style=\"font-style:normal;font-weight:700\">Auf Wunsch tragen wir eine sch\u00fctzende Impr\u00e4gnierung auf. Diese vermindert die erneute Anhaftung von Schmutz und verl\u00e4ngert die Sauberkeit der Fassade deutlich.<\/p>\n\n\n\n<hr class=\"wp-block-separator has-alpha-channel-opacity is-style-wide\"\/>\n\n\n\n<h4 class=\"wp-block-heading\">7. Abschlusskontrolle<\/h4>\n\n\n\n<p class=\"has-black-color has-text-color has-link-color has-medium-font-size wp-elements-a0547444eafd1f87175156b830d20684\" style=\"font-style:normal;font-weight:700\">Nach Abschluss der Arbeiten erfolgt eine sorgf\u00e4ltige Kontrolle. So stellen wir sicher, dass das Reinigungsergebnis unseren Qualit\u00e4tsstandards entspricht und Ihre Fassade wieder in neuem Glanz erscheint.<\/p>\n<\/div>\n<\/div>\n<\/div>\n<\/div>\n","protected":false},"excerpt":{"rendered":"<p>Fassadenreinigung &#8211; schonend, wirksam und preiswert! \u00dcber die Jahre lagern sich auf Fassaden hartn\u00e4ckige Verschmutzungen ab: Moos, Algen, Flechten, Pilze, Feinstaub, Ru\u00df und Witterungsr\u00fcckst\u00e4nde. Mit unserem speziellen Verfahren, reinigen wir Ihre Fassade vom Boden aus. Kostenlose Probefl\u00e4che \u2013 erst sehen, dann entscheiden Ablauf der Fassadenreinigung: 1. Analyse der Fassade Vor Beginn der Reinigung wird die [&hellip;]<\/p>\n","protected":false},"author":1,"featured_media":88,"parent":0,"menu_order":0,"comment_status":"closed","ping_status":"closed","template":"","meta":{"footnotes":""},"class_list":["post-156","page","type-page","status-publish","has-post-thumbnail","hentry"],"_links":{"self":[{"href":"https:\/\/gechter-jung.de\/index.php?rest_route=\/wp\/v2\/pages\/156","targetHints":{"allow":["GET"]}}],"collection":[{"href":"https:\/\/gechter-jung.de\/index.php?rest_route=\/wp\/v2\/pages"}],"about":[{"href":"https:\/\/gechter-jung.de\/index.php?rest_route=\/wp\/v2\/types\/page"}],"author":[{"embeddable":true,"href":"https:\/\/gechter-jung.de\/index.php?rest_route=\/wp\/v2\/users\/1"}],"replies":[{"embeddable":true,"href":"https:\/\/gechter-jung.de\/index.php?rest_route=%2Fwp%2Fv2%2Fcomments&post=156"}],"version-history":[{"count":76,"href":"https:\/\/gechter-jung.de\/index.php?rest_route=\/wp\/v2\/pages\/156\/revisions"}],"predecessor-version":[{"id":416,"href":"https:\/\/gechter-jung.de\/index.php?rest_route=\/wp\/v2\/pages\/156\/revisions\/416"}],"wp:featuredmedia":[{"embeddable":true,"href":"https:\/\/gechter-jung.de\/index.php?rest_route=\/wp\/v2\/media\/88"}],"wp:attachment":[{"href":"https:\/\/gechter-jung.de\/index.php?rest_route=%2Fwp%2Fv2%2Fmedia&parent=156"}],"curies":[{"name":"wp","href":"https:\/\/api.w.org\/{rel}","templated":true}]}}